{"id":364,"date":"2019-12-12T15:13:41","date_gmt":"2019-12-12T14:13:41","guid":{"rendered":"http:\/\/fleursdecourgettes.fr\/?page_id=364"},"modified":"2023-12-09T21:59:22","modified_gmt":"2023-12-09T20:59:22","slug":"mentions-legales-et-politique-de-confidentialite","status":"publish","type":"page","link":"https:\/\/fleursdecourgettes.fr\/index.php\/mentions-legales-et-politique-de-confidentialite\/","title":{"rendered":"Mentions l\u00e9gales et Politique de confidentialit\u00e9"},"content":{"rendered":"<h1>Mentions l\u00e9gales et Politique de confidentialit\u00e9<\/h1>\n<h6>Merci de lire avec attention les diff\u00e9rentes modalit\u00e9s d\u2019utilisation du pr\u00e9sent site avant d\u2019en parcourir les pages. En vous connectant sur ce site, vous acceptez sans r\u00e9serve les pr\u00e9sentes modalit\u00e9s.<\/h6>\n<div>Conform\u00e9ment \u00e0 l\u2019article 6 de la Loi n\u00b02004-575 du 21 Juin 2004 pour La Confiance dans l\u2019\u00c9conomie Num\u00e9rique, les responsables du pr\u00e9sent site internet www.fleursdecourgettes.fr sont :<\/div>\n<h2>\u00c9diteur du Site<\/h2>\n<div>Michel Jocaille<br \/>\nN\u00b0 SIRET : 349&nbsp;572&nbsp;321 00033<br \/>\nCode APE : 8559A Traiteur Formateur Continu pour Adultes<br \/>\nTVA Intracommunautaire : FR 20349572321<br \/>\nResponsable \u00e9ditorial : M. Michel Jocaille<br \/>\nSi\u00e8ge: 82 Boulevard Ren\u00e9 CASSIN 06200 NICE<br \/>\nT\u00e9l\u00e9phone : 04 93 71 12 63 \/ 06 15 87 12 63<br \/>\nEmail : <a href=\"mailto:fleursdecourgettes@free.fr\">fleursdecourgettes@free.fr<\/a>&nbsp;<\/p>\n<h2><strong>H\u00e9bergement<\/strong><\/h2>\n<article>\n<h3>Conditions d\u2019utilisation<\/h3>\n<div>Ce site (www.fleursdecourgettes.fr) est propos\u00e9 en diff\u00e9rents langages web (HTML5, JavaScript, CSS, etc\u2026) pour un meilleur confort d\u2019utilisation et un graphisme plus agr\u00e9able. \u00c0 cet effet nous vous recommandons de recourir \u00e0 des navigateurs modernes comme Internet Explorer, Edge, Safari, Firefox, Google Chrome, etc\u2026 Fleurs de Courgettes met en \u0153uvre les moyens appropri\u00e9s pour assurer une information et une mise \u00e0 jour fiables de son site. Toutefois, des erreurs ou omissions peuvent survenir. C\u2019est pourquoi, il est conseill\u00e9 \u00e0 l\u2019internaute de v\u00e9rifier la pertinence des informations et en cas de doute d\u2019interroger l\u2019\u00e9diteur. Fleurs de Courgettes n\u2019est en aucun cas responsable de l\u2019utilisation faite de ces informations et de tout pr\u00e9judice direct ou indirect pouvant en d\u00e9couler.<\/div>\n<\/article>\n<article>\n<h3>Cookies<\/h3>\n<div>Le site (www.fleursdecourgettes.fr) peut \u00eatre amen\u00e9 \u00e0 vous demander l\u2019acceptation des cookies pour am\u00e9liorer son fonctionnement. Un cookie est une information d\u00e9pos\u00e9e sur votre disque dur par le serveur du site que vous visitez. Il contient plusieurs donn\u00e9es qui sont stock\u00e9es sur votre ordinateur dans un simple fichier texte auquel un serveur acc\u00e8de pour lire et enregistrer des informations.<\/div>\n<\/article>\n<article>\n<header><\/header>\n<h3>Liens hypertextes<\/h3>\n<div>&nbsp;<\/div>\n<div>Fleurs de Courgettes Michel Jocaille ne dispose d\u2019aucun moyen pour contr\u00f4ler les connexions \u00e9ventuelles de sites tiers avec le sien (www.fleursdecourgettes.fr). En particulier, Fleurs de Courgettes Michel Jocaille ne peut :<\/div>\n<ul>\n<li>r\u00e9pondre ni garantir la disponibilit\u00e9 de tels sites et sources externes.<\/li>\n<li>\u00eatre tenue pour responsable de tout dommage, de quelque nature que ce soit, r\u00e9sultant du contenu de ces sites ou sources externes, et notamment des informations, produits ou services qu\u2019ils proposent, ou de tout usage qui peut \u00eatre fait de ces \u00e9l\u00e9ments. Les risques li\u00e9s \u00e0 cette utilisation incombent pleinement \u00e0 l\u2019internaute, qui doit se conformer \u00e0 leurs conditions d\u2019utilisation.<\/li>\n<\/ul>\n<\/article>\n<h2>Politique de confidentialit\u00e9<\/h2>\n<h3 style=\"text-align: left;\">Utilisation des donn\u00e9es personnelles collect\u00e9es<\/h3>\n<h4>D\u00e9finitions<\/h4>\n<p><b>L\u2019\u00c9diteur<\/b> : d\u00e9signe la soci\u00e9t\u00e9 Fleurs de Courgettes et son repr\u00e9sentant Michel Jocaille.<br \/>\n<b>Le Site<\/b>&nbsp;: L\u2019ensemble des sites, pages Internet et services en ligne propos\u00e9s par l\u2019\u00c9diteur.<br \/>\n<b>L\u2019Utilisateur<\/b>&nbsp;: La personne utilisant le Site et les services.<\/p>\n<h3>Nature des donn\u00e9es collect\u00e9es<\/h3>\n<p><b>Dans le cadre de l\u2019utilisation des Sites, l\u2019\u00c9diteur est susceptible de collecter les cat\u00e9gories de donn\u00e9es suivantes concernant ses Utilisateurs :<\/b><\/p>\n<div id=\"C0Q1\">Donn\u00e9es d\u2019\u00e9tat-civil, d\u2019identit\u00e9, d\u2019identification\u2026<br \/>\nDonn\u00e9es de connexion (adresses IP, journaux d\u2019\u00e9v\u00e9nements\u2026)<\/div>\n<div id=\"C1Q1\">\n<h3>Communication des donn\u00e9es personnelles \u00e0 des tiers<\/h3>\n<p><b>Pas de communication \u00e0 des tiers&nbsp;<\/b><br \/>\nVos donn\u00e9es ne font l\u2019objet d\u2019aucune communication \u00e0 des tiers. Vous \u00eates toutefois inform\u00e9s qu\u2019elles pourront \u00eatre divulgu\u00e9es en application d\u2019une loi, d\u2019un r\u00e8glement ou en vertu d\u2019une d\u00e9cision d\u2019une autorit\u00e9 r\u00e9glementaire ou judiciaire comp\u00e9tente.<\/p>\n<\/div>\n<div id=\"C3Q1\">\n<h3>Information pr\u00e9alable pour la communication des donn\u00e9es personnelles \u00e0 des tiers en cas de fusion \/ absorption<\/h3>\n<p><b>Collecte de l\u2019opt-in (consentement) pr\u00e9alable \u00e0 la transmission des donn\u00e9es suite \u00e0 une fusion \/ acquisition&nbsp;<\/b><br \/>\nDans le cas o\u00f9 nous prendrions part \u00e0 une op\u00e9ration de fusion, d\u2019acquisition ou \u00e0 toute autre forme de cession d\u2019actifs, nous nous engageons \u00e0 obtenir votre consentement pr\u00e9alable \u00e0 la transmission de vos donn\u00e9es personnelles et \u00e0 maintenir le niveau de confidentialit\u00e9 de vos donn\u00e9es personnelles auquel vous avez consenti.<\/p>\n<\/div>\n<div id=\"C4Q1\">\n<h3>Finalit\u00e9 de la r\u00e9utilisation des donn\u00e9es personnelles collect\u00e9es<\/h3>\n<p><b>Effectuer les op\u00e9rations relatives \u00e0 la gestion des clients concernant&nbsp;<\/b><\/p>\n<ul>\n<li>les contrats ; les commandes ; les livraisons ; les factures ; la comptabilit\u00e9 et en particulier la gestion des comptes clients<\/li>\n<li>un programme de fid\u00e9lit\u00e9 au sein d\u2019une entit\u00e9 ou plusieurs entit\u00e9s juridiques ;<\/li>\n<li>le suivi de la relation client tel que la r\u00e9alisation d\u2019enqu\u00eates de satisfaction, la gestion des r\u00e9clamations et du service apr\u00e8s-vente<\/li>\n<li>la s\u00e9lection de clients pour r\u00e9aliser des \u00e9tudes, sondages et tests produits (sauf consentement des personnes concern\u00e9es recueilli dans les conditions pr\u00e9vues \u00e0 l\u2019article 6, ces op\u00e9rations ne doivent pas conduire \u00e0 l\u2019\u00e9tablissement de profils susceptibles de faire appara\u00eetre des donn\u00e9es sensibles \u2013 origines raciales ou ethniques, opinions philosophiques, politiques, syndicales, religieuses, vie sexuelle ou sant\u00e9 des personnes)<\/li>\n<\/ul>\n<p><b>La gestion des demandes de droit d\u2019acc\u00e8s, de rectification et d\u2019opposition<\/b><\/p>\n<\/div>\n<h3>Agr\u00e9gation des donn\u00e9es<\/h3>\n<p><b>Agr\u00e9gation avec des donn\u00e9es non personnelles<\/b><br \/>\nNous pouvons publier, divulguer et utiliser les informations agr\u00e9g\u00e9es (informations relatives \u00e0 tous nos Utilisateurs ou \u00e0 des groupes ou cat\u00e9gories sp\u00e9cifiques d\u2019Utilisateurs que nous combinons de mani\u00e8re \u00e0 ce qu\u2019un Utilisateur individuel ne puisse plus \u00eatre identifi\u00e9 ou mentionn\u00e9) et les informations non personnelles \u00e0 des fins d\u2019analyse du secteur et du march\u00e9, de profilage d\u00e9mographique, \u00e0 des fins promotionnelles et publicitaires et \u00e0 d\u2019autres fins commerciales.<\/p>\n<p><b>Agr\u00e9gation avec des donn\u00e9es personnelles disponibles sur les comptes sociaux de l\u2019Utilisateur<\/b><br \/>\nSi vous connectez votre compte \u00e0 un compte d\u2019un autre service afin de faire des envois crois\u00e9s, ledit service pourra nous communiquer vos informations de profil, de connexion, ainsi que toute autre information dont vous avez autoris\u00e9 la divulgation. Nous pouvons agr\u00e9ger les informations relatives \u00e0 tous nos autres Utilisateurs, groupes, comptes, aux donn\u00e9es personnelles disponibles sur l\u2019Utilisateur.<\/p>\n<div id=\"C6Q1\">\n<h3>Collecte des donn\u00e9es d\u2019identit\u00e9<\/h3>\n<p><b>Consultation libre&nbsp;<\/b><br \/>\nLa consultation du Site ne n\u00e9cessite pas d\u2019inscription ni d\u2019identification pr\u00e9alable. Elle peut s\u2019effectuer sans que vous ne communiquiez de donn\u00e9es nominatives vous concernant (nom, pr\u00e9nom, adresse, etc). Nous ne proc\u00e9dons \u00e0 aucun enregistrement de donn\u00e9es nominatives pour la simple consultation du Site.<\/p>\n<\/div>\n<div id=\"C7Q1\">\n<h3>Collecte des donn\u00e9es d\u2019identification<\/h3>\n<p><b>Utilisation de l\u2019identifiant de l\u2019utilisateur uniquement pour l\u2019acc\u00e8s aux services&nbsp;<\/b><br \/>\nNous utilisons vos identifiants \u00e9lectroniques seulement pour et pendant l\u2019ex\u00e9cution du contrat.<\/p>\n<\/div>\n<div id=\"C9Q1\">\n<h3>Collecte des donn\u00e9es du terminal<\/h3>\n<p><b>Aucune collecte des donn\u00e9es techniques&nbsp;<\/b><br \/>\nNous ne collectons et ne conservons aucune donn\u00e9e technique de votre appareil (adresse IP, fournisseur d\u2019acc\u00e8s \u00e0 Internet\u2026).<\/p>\n<\/div>\n<h3>Cookies<\/h3>\n<p><b>Dur\u00e9e de conservation des cookies<\/b><br \/>\nConform\u00e9ment aux recommandations de la CNIL, la dur\u00e9e maximale de conservation des cookies est de 13 mois au maximum apr\u00e8s leur premier d\u00e9p\u00f4t dans le terminal de l\u2019Utilisateur, tout comme la dur\u00e9e de la validit\u00e9 du consentement de l\u2019Utilisateur \u00e0 l\u2019utilisation de ces cookies. La dur\u00e9e de vie des cookies n\u2019est pas prolong\u00e9e \u00e0 chaque visite. Le consentement de l\u2019Utilisateur devra donc \u00eatre renouvel\u00e9 \u00e0 l\u2019issue de ce d\u00e9lai.<br \/>\n<b>Finalit\u00e9 cookies<\/b><br \/>\nLes cookies peuvent \u00eatre utilis\u00e9s pour des fins statistiques notamment pour optimiser les services rendus \u00e0 l\u2019Utilisateur, \u00e0 partir du traitement des informations concernant la fr\u00e9quence d\u2019acc\u00e8s, la personnalisation des pages ainsi que les op\u00e9rations r\u00e9alis\u00e9es et les informations consult\u00e9es.<br \/>\nVous \u00eates inform\u00e9 que l\u2019\u00c9diteur est susceptible de d\u00e9poser des cookies sur votre terminal. Le cookie enregistre des informations relatives \u00e0 la navigation sur le service (les pages que vous avez consult\u00e9es, la date et l\u2019heure de la consultation\u2026) que nous pourrons lire lors de vos visites ult\u00e9rieures.<\/p>\n<div id=\"C10Q1\"><b>Droit de l\u2019Utilisateur de refuser les cookies&nbsp;<\/b><br \/>\nVous reconnaissez avoir \u00e9t\u00e9 inform\u00e9 que l\u2019\u00c9diteur peut avoir recours \u00e0 des cookies. Si vous ne souhaitez pas que des cookies soient utilis\u00e9s sur votre terminal, la plupart des navigateurs vous permettent de d\u00e9sactiver les cookies en passant par les options de r\u00e9glage.<\/div>\n<h3>Conservation des donn\u00e9es techniques<\/h3>\n<p><b>Dur\u00e9e de conservation des donn\u00e9es techniques&nbsp;<\/b><br \/>\nLes donn\u00e9es techniques sont conserv\u00e9es pour la dur\u00e9e strictement n\u00e9cessaire \u00e0 la r\u00e9alisation des finalit\u00e9s vis\u00e9es ci-avant.<\/p>\n<h3>D\u00e9lai de conservation des donn\u00e9es personnelles et d\u2019anonymisation<\/h3>\n<div id=\"C12Q1\"><b>Conservation des donn\u00e9es pendant la dur\u00e9e de la relation contractuelle&nbsp;<\/b><br \/>\nConform\u00e9ment \u00e0 l\u2019article 6-5\u00b0 de la loi n\u00b078-17 du 6 janvier 1978 relative \u00e0 l\u2019informatique, aux fichiers et aux libert\u00e9s, les donn\u00e9es \u00e0 caract\u00e8re personnel faisant l\u2019objet d\u2019un traitement ne sont pas conserv\u00e9es au-del\u00e0 du temps n\u00e9cessaire \u00e0 l\u2019ex\u00e9cution des obligations d\u00e9finies lors de la conclusion du contrat ou de la dur\u00e9e pr\u00e9d\u00e9finie de la relation contractuelle.<b>Conservation des donn\u00e9es anonymis\u00e9es au del\u00e0 de la relation contractuelle \/ apr\u00e8s la suppression du compte&nbsp;<\/b><br \/>\nNous conservons les donn\u00e9es personnelles pour la dur\u00e9e strictement n\u00e9cessaire \u00e0 la r\u00e9alisation des finalit\u00e9s d\u00e9crites dans les pr\u00e9sentes CGU. Au-del\u00e0 de cette dur\u00e9e, elles seront anonymis\u00e9es et conserv\u00e9es \u00e0 des fins exclusivement statistiques et ne donneront lieu \u00e0 aucune exploitation, de quelque nature que ce soit.<\/p>\n<\/div>\n<p><b>Suppression des donn\u00e9es apr\u00e8s suppression du compte&nbsp;<\/b><br \/>\nDes moyens de purge de donn\u00e9es sont mis en place afin d\u2019en pr\u00e9voir la suppression effective d\u00e8s lors que la dur\u00e9e de conservation ou d\u2019archivage n\u00e9cessaire \u00e0 l\u2019accomplissement des finalit\u00e9s d\u00e9termin\u00e9es ou impos\u00e9es est atteinte. Conform\u00e9ment \u00e0 la loi n\u00b078-17 du 6 janvier 1978 relative \u00e0 l\u2019informatique, aux fichiers et aux libert\u00e9s, vous disposez par ailleurs d\u2019un droit de suppression sur vos donn\u00e9es que vous pouvez exercer \u00e0 tout moment en prenant contact avec l\u2019\u00c9diteur.<\/p>\n<p><b>Suppression des donn\u00e9es apr\u00e8s 3 ans d\u2019inactivit\u00e9&nbsp;<\/b><br \/>\nPour des raisons de s\u00e9curit\u00e9, si vous ne vous \u00eates pas authentifi\u00e9 sur le Site pendant une p\u00e9riode de trois ans, vous recevrez un e-mail vous invitant \u00e0 vous connecter dans les plus brefs d\u00e9lais, sans quoi vos donn\u00e9es seront supprim\u00e9es de nos bases de donn\u00e9es.<\/p>\n<h3>Suppression du compte<\/h3>\n<p><b>Suppression du compte \u00e0 la demande&nbsp;<\/b><br \/>\nL\u2019Utilisateur a la possibilit\u00e9 de supprimer son Compte \u00e0 tout moment, par simple demande \u00e0 l\u2019\u00c9diteur OU par le menu de suppression de Compte pr\u00e9sent dans les param\u00e8tres du Compte le cas \u00e9ch\u00e9ant.<\/p>\n<p><b>Suppression du compte en cas de violation des CGU&nbsp;<\/b><br \/>\nEn cas de violation d\u2019une ou de plusieurs dispositions des CGU ou de tout autre document incorpor\u00e9 aux pr\u00e9sentes par r\u00e9f\u00e9rence, l\u2019\u00c9diteur se r\u00e9serve le droit de mettre fin ou restreindre sans aucun avertissement pr\u00e9alable et \u00e0 sa seule discr\u00e9tion, votre usage et acc\u00e8s aux services, \u00e0 votre compte et \u00e0 tous les Sites.<\/p>\n<h3>Indications en cas de faille de s\u00e9curit\u00e9 d\u00e9cel\u00e9e par l\u2019\u00c9diteur<\/h3>\n<p><b>Information de l\u2019Utilisateur en cas de faille de s\u00e9curit\u00e9&nbsp;<\/b><br \/>\nNous nous engageons \u00e0 mettre en \u0153uvre toutes les mesures techniques et organisationnelles appropri\u00e9es afin de garantir un niveau de s\u00e9curit\u00e9 adapt\u00e9 au regard des risques d\u2019acc\u00e8s accidentels, non autoris\u00e9s ou ill\u00e9gaux, de divulgation, d\u2019alt\u00e9ration, de perte ou encore de destruction des donn\u00e9es personnelles vous concernant. Dans l\u2019\u00e9ventualit\u00e9 o\u00f9 nous prendrions connaissance d\u2019un acc\u00e8s ill\u00e9gal aux donn\u00e9es personnelles vous concernant stock\u00e9es sur nos serveurs ou ceux de nos prestataires, ou d\u2019un acc\u00e8s non autoris\u00e9 ayant pour cons\u00e9quence la r\u00e9alisation des risques identifi\u00e9s ci-dessus, nous nous engageons \u00e0 :<\/p>\n<ul>\n<li>Vous notifier l\u2019incident dans les plus brefs d\u00e9lais ;<\/li>\n<li>Examiner les causes de l\u2019incident et vous en informer ;<\/li>\n<li>Prendre les mesures n\u00e9cessaires dans la limite du raisonnable afin d\u2019amoindrir les effets n\u00e9gatifs et pr\u00e9judices pouvant r\u00e9sulter dudit incident<\/li>\n<\/ul>\n<p><b>Limitation de la responsabilit\u00e9&nbsp;<\/b><br \/>\nEn aucun cas les engagements d\u00e9finis au point ci-dessus relatifs \u00e0 la notification en cas de faille de s\u00e9curit\u00e9 ne peuvent \u00eatre assimil\u00e9s \u00e0 une quelconque reconnaissance de faute ou de responsabilit\u00e9 quant \u00e0 la survenance de l\u2019incident en question.<\/p>\n<div id=\"C15Q1\">\n<h3>Transfert des donn\u00e9es personnelles \u00e0 l\u2019\u00e9tranger<\/h3>\n<p><b>Pas de transfert en dehors de l\u2019Union europ\u00e9enne&nbsp;<\/b><br \/>\nL\u2019\u00c9diteur s\u2019engage \u00e0 ne pas transf\u00e9rer les donn\u00e9es personnelles de ses Utilisateurs en dehors de l\u2019Union europ\u00e9enne.<\/p>\n<\/div>\n<h3>Modification des CGU et de la politique de confidentialit\u00e9<\/h3>\n<p><b>En cas de modification des pr\u00e9sentes CGU, engagement de ne pas baisser le niveau de confidentialit\u00e9 de mani\u00e8re substantielle sans l\u2019information pr\u00e9alable des personnes concern\u00e9es&nbsp;<\/b><br \/>\nNous nous engageons \u00e0 vous informer en cas de modification substantielle des pr\u00e9sentes CGU, et \u00e0 ne pas baisser le niveau de confidentialit\u00e9 de vos donn\u00e9es de mani\u00e8re substantielle sans vous en informer et obtenir votre consentement.<\/p>\n<div id=\"C17Q1\">\n<h3>Droit applicable et modalit\u00e9s de recours<\/h3>\n<p><b>Application du droit fran\u00e7ais (l\u00e9gislation CNIL) et comp\u00e9tence des tribunaux&nbsp;<\/b><br \/>\nLes pr\u00e9sentes CGU et votre utilisation du Site sont r\u00e9gies et interpr\u00e9t\u00e9es conform\u00e9ment aux lois de France, et notamment \u00e0 la Loi n\u00b0 78-17 du 6 janvier 1978 relative \u00e0 l\u2019informatique, aux fichiers et aux libert\u00e9s. Le choix de la loi applicable ne porte pas atteinte \u00e0 vos droits en tant que consommateur conform\u00e9ment \u00e0 la loi applicable de votre lieu de r\u00e9sidence. Si vous \u00eates un consommateur, vous et nous acceptons de se soumettre \u00e0 la comp\u00e9tence non-exclusive des juridictions fran\u00e7aises, ce qui signifie que vous pouvez engager une action relative aux pr\u00e9sentes CGU en France ou dans le pays de l\u2019UE dans lequel vous vivez. Si vous \u00eates un professionnel, toutes les actions \u00e0 notre encontre doivent \u00eatre engag\u00e9es devant une juridiction en France.<\/p>\n<p>En cas de litige, les parties chercheront une solution amiable avant toute action judiciaire. En cas d\u2019\u00e9chec de ces tentatives, toutes contestations \u00e0 la validit\u00e9, l\u2019interpr\u00e9tation et \/ ou l\u2019ex\u00e9cution des pr\u00e9sentes CGU devront \u00eatre port\u00e9es m\u00eame en cas de pluralit\u00e9 des d\u00e9fendeurs ou d\u2019appel en garantie, devant les tribunaux fran\u00e7ais.<\/p>\n<\/div>\n<div id=\"C18Q1\">\n<h3>Portabilit\u00e9 des donn\u00e9es<\/h3>\n<p><b>Portabilit\u00e9 des donn\u00e9es&nbsp;<\/b><br \/>\nL\u2019\u00c9diteur s\u2019engage \u00e0 vous offrir la possibilit\u00e9 de vous faire restituer l\u2019ensemble des donn\u00e9es vous concernant sur simple demande. L\u2019Utilisateur se voit ainsi garantir une meilleure ma\u00eetrise de ses donn\u00e9es, et garde la possibilit\u00e9 de les r\u00e9utiliser. Ces donn\u00e9es devront \u00eatre fournies dans un format ouvert et ais\u00e9ment r\u00e9utilisable.<\/p>\n<\/div>\n<h3>S\u00e9curit\u00e9 informatique et s\u00e9curisation dans l\u2019envoie et la collecte de donn\u00e9es<\/h3>\n<p>Ce site (www.fleursdecourgettes.fr) a \u00e9t\u00e9 r\u00e9alis\u00e9 avec des outils modernes et les derni\u00e8res technologies en vigueur. Des mises \u00e0 jour et une maintenance r\u00e9guli\u00e8re sont op\u00e9r\u00e9es dans le but d\u2019assurer toujours une navigation et une utilisation du site la plus s\u00e9curis\u00e9e possible.<\/p>\n<p>Ce site dispose du chiffrage SSL pour s\u00e9curiser la connexion au site (https).<\/p>\n<\/div>\n","protected":false},"excerpt":{"rendered":"<p>Mentions l\u00e9gales et Politique de confidentialit\u00e9 Merci de lire avec attention les diff\u00e9rentes modalit\u00e9s d\u2019utilisation du pr\u00e9sent site avant d\u2019en parcourir les pages. En vous connectant sur ce site, vous acceptez sans r\u00e9serve les pr\u00e9sentes modalit\u00e9s. Conform\u00e9ment \u00e0 l\u2019article 6 de la Loi n\u00b02004-575 du 21 Juin 2004 pour La Confiance dans l\u2019\u00c9conomie Num\u00e9rique, les [&hellip;]<\/p>\n","protected":false},"author":1,"featured_media":0,"parent":0,"menu_order":0,"comment_status":"closed","ping_status":"closed","template":"","meta":{"ngg_post_thumbnail":0,"footnotes":""},"yoast_head":"<!-- This site is optimized with the Yoast SEO plugin v24.5 - https:\/\/yoast.com\/wordpress\/plugins\/seo\/ -->\n<title>Mentions l\u00e9gales et Politique de confidentialit\u00e9 -<\/title>\n<meta name=\"robots\" content=\"index, follow, max-snippet:-1, max-image-preview:large, max-video-preview:-1\" \/>\n<link rel=\"canonical\" href=\"https:\/\/fleursdecourgettes.fr\/index.php\/mentions-legales-et-politique-de-confidentialite\/\" \/>\n<meta property=\"og:locale\" content=\"fr_FR\" \/>\n<meta property=\"og:type\" content=\"article\" \/>\n<meta property=\"og:title\" content=\"Mentions l\u00e9gales et Politique de confidentialit\u00e9 -\" \/>\n<meta property=\"og:description\" content=\"Mentions l\u00e9gales et Politique de confidentialit\u00e9 Merci de lire avec attention les diff\u00e9rentes modalit\u00e9s d\u2019utilisation du pr\u00e9sent site avant d\u2019en parcourir les pages. En vous connectant sur ce site, vous acceptez sans r\u00e9serve les pr\u00e9sentes modalit\u00e9s. Conform\u00e9ment \u00e0 l\u2019article 6 de la Loi n\u00b02004-575 du 21 Juin 2004 pour La Confiance dans l\u2019\u00c9conomie Num\u00e9rique, les [&hellip;]\" \/>\n<meta property=\"og:url\" content=\"https:\/\/fleursdecourgettes.fr\/index.php\/mentions-legales-et-politique-de-confidentialite\/\" \/>\n<meta property=\"article:modified_time\" content=\"2023-12-09T20:59:22+00:00\" \/>\n<meta name=\"twitter:card\" content=\"summary_large_image\" \/>\n<meta name=\"twitter:label1\" content=\"Dur\u00e9e de lecture estim\u00e9e\" \/>\n\t<meta name=\"twitter:data1\" content=\"12 minutes\" \/>\n<!-- \/ Yoast SEO plugin. -->","yoast_head_json":{"title":"Mentions l\u00e9gales et Politique de confidentialit\u00e9 -","robots":{"index":"index","follow":"follow","max-snippet":"max-snippet:-1","max-image-preview":"max-image-preview:large","max-video-preview":"max-video-preview:-1"},"canonical":"https:\/\/fleursdecourgettes.fr\/index.php\/mentions-legales-et-politique-de-confidentialite\/","og_locale":"fr_FR","og_type":"article","og_title":"Mentions l\u00e9gales et Politique de confidentialit\u00e9 -","og_description":"Mentions l\u00e9gales et Politique de confidentialit\u00e9 Merci de lire avec attention les diff\u00e9rentes modalit\u00e9s d\u2019utilisation du pr\u00e9sent site avant d\u2019en parcourir les pages. En vous connectant sur ce site, vous acceptez sans r\u00e9serve les pr\u00e9sentes modalit\u00e9s. Conform\u00e9ment \u00e0 l\u2019article 6 de la Loi n\u00b02004-575 du 21 Juin 2004 pour La Confiance dans l\u2019\u00c9conomie Num\u00e9rique, les [&hellip;]","og_url":"https:\/\/fleursdecourgettes.fr\/index.php\/mentions-legales-et-politique-de-confidentialite\/","article_modified_time":"2023-12-09T20:59:22+00:00","twitter_card":"summary_large_image","twitter_misc":{"Dur\u00e9e de lecture estim\u00e9e":"12 minutes"},"schema":{"@context":"https:\/\/schema.org","@graph":[{"@type":"WebPage","@id":"https:\/\/fleursdecourgettes.fr\/index.php\/mentions-legales-et-politique-de-confidentialite\/","url":"https:\/\/fleursdecourgettes.fr\/index.php\/mentions-legales-et-politique-de-confidentialite\/","name":"Mentions l\u00e9gales et Politique de confidentialit\u00e9 -","isPartOf":{"@id":"https:\/\/fleursdecourgettes.fr\/#website"},"datePublished":"2019-12-12T14:13:41+00:00","dateModified":"2023-12-09T20:59:22+00:00","breadcrumb":{"@id":"https:\/\/fleursdecourgettes.fr\/index.php\/mentions-legales-et-politique-de-confidentialite\/#breadcrumb"},"inLanguage":"fr-FR","potentialAction":[{"@type":"ReadAction","target":["https:\/\/fleursdecourgettes.fr\/index.php\/mentions-legales-et-politique-de-confidentialite\/"]}]},{"@type":"BreadcrumbList","@id":"https:\/\/fleursdecourgettes.fr\/index.php\/mentions-legales-et-politique-de-confidentialite\/#breadcrumb","itemListElement":[{"@type":"ListItem","position":1,"name":"Accueil","item":"https:\/\/fleursdecourgettes.fr\/"},{"@type":"ListItem","position":2,"name":"Mentions l\u00e9gales et Politique de confidentialit\u00e9"}]},{"@type":"WebSite","@id":"https:\/\/fleursdecourgettes.fr\/#website","url":"https:\/\/fleursdecourgettes.fr\/","name":"","description":"","potentialAction":[{"@type":"SearchAction","target":{"@type":"EntryPoint","urlTemplate":"https:\/\/fleursdecourgettes.fr\/?s={search_term_string}"},"query-input":{"@type":"PropertyValueSpecification","valueRequired":true,"valueName":"search_term_string"}}],"inLanguage":"fr-FR"}]}},"jetpack_sharing_enabled":true,"_links":{"self":[{"href":"https:\/\/fleursdecourgettes.fr\/index.php\/wp-json\/wp\/v2\/pages\/364"}],"collection":[{"href":"https:\/\/fleursdecourgettes.fr\/index.php\/wp-json\/wp\/v2\/pages"}],"about":[{"href":"https:\/\/fleursdecourgettes.fr\/index.php\/wp-json\/wp\/v2\/types\/page"}],"author":[{"embeddable":true,"href":"https:\/\/fleursdecourgettes.fr\/index.php\/wp-json\/wp\/v2\/users\/1"}],"replies":[{"embeddable":true,"href":"https:\/\/fleursdecourgettes.fr\/index.php\/wp-json\/wp\/v2\/comments?post=364"}],"version-history":[{"count":5,"href":"https:\/\/fleursdecourgettes.fr\/index.php\/wp-json\/wp\/v2\/pages\/364\/revisions"}],"predecessor-version":[{"id":1186,"href":"https:\/\/fleursdecourgettes.fr\/index.php\/wp-json\/wp\/v2\/pages\/364\/revisions\/1186"}],"wp:attachment":[{"href":"https:\/\/fleursdecourgettes.fr\/index.php\/wp-json\/wp\/v2\/media?parent=364"}],"curies":[{"name":"wp","href":"https:\/\/api.w.org\/{rel}","templated":true}]}}