{"id":239,"date":"2019-11-29T15:29:50","date_gmt":"2019-11-29T14:29:50","guid":{"rendered":"http:\/\/fleursdecourgettes.fr\/?page_id=239"},"modified":"2023-12-03T13:48:15","modified_gmt":"2023-12-03T12:48:15","slug":"recettes-et-methodes","status":"publish","type":"page","link":"https:\/\/fleursdecourgettes.fr\/index.php\/recettes-et-methodes\/","title":{"rendered":"Recettes et m\u00e9thodes"},"content":{"rendered":"<h1 class=\"text-center\">Quelques recettes&#8230;<\/h1>\n<section class=\"flex-column\">\n<div>\n<img loading=\"lazy\" decoding=\"async\" src=\"https:\/\/fleursdecourgettes.fr\/wp-content\/uploads\/2019\/11\/buffet-specialites-nicoises-porchetta.jpg\" alt=\"\" width=\"800\" height=\"532\" class=\"alignnone size-full wp-image-245\" srcset=\"https:\/\/fleursdecourgettes.fr\/wp-content\/uploads\/2019\/11\/buffet-specialites-nicoises-porchetta.jpg 800w, https:\/\/fleursdecourgettes.fr\/wp-content\/uploads\/2019\/11\/buffet-specialites-nicoises-porchetta-300x200.jpg 300w, https:\/\/fleursdecourgettes.fr\/wp-content\/uploads\/2019\/11\/buffet-specialites-nicoises-porchetta-768x511.jpg 768w\" sizes=\"(max-width: 800px) 100vw, 800px\" \/><\/p>\n<h2>Pour la sauvegarde de la cuisine ni\u00e7oise&#8230;<\/h2>\n<p>Pissaladiera, Farcis, beignets, tians, raviolis,&#8230; D\u00e9couvrez ici quelques recettes traditionnelles de la cuisine ni\u00e7oise.<\/p>\n<p><a class=\"btn\" href=\"https:\/\/fleursdecourgettes.fr\/wp-content\/uploads\/2019\/09\/Recettes-de-Cuisine-Nicoise-fdc2020.pdf\">D\u00e9couvrir&#8230;<\/a>\n<\/div>\n<div>\n<img loading=\"lazy\" decoding=\"async\" src=\"https:\/\/fleursdecourgettes.fr\/wp-content\/uploads\/2019\/11\/ris-de-veau-morilles.jpg\" alt=\"\" width=\"800\" height=\"532\" class=\"alignnone size-full wp-image-246\" srcset=\"https:\/\/fleursdecourgettes.fr\/wp-content\/uploads\/2019\/11\/ris-de-veau-morilles.jpg 800w, https:\/\/fleursdecourgettes.fr\/wp-content\/uploads\/2019\/11\/ris-de-veau-morilles-300x200.jpg 300w, https:\/\/fleursdecourgettes.fr\/wp-content\/uploads\/2019\/11\/ris-de-veau-morilles-768x511.jpg 768w\" sizes=\"(max-width: 800px) 100vw, 800px\" \/><\/p>\n<h2>De quoi donner l\u2019app\u00e9tit&#8230;<\/h2>\n<p>Ris de veau aux morilles, carr\u00e9 d&rsquo;agneau r\u00f4ti,&#8230; Encore plus d&rsquo;id\u00e9es de plats qui vont faire saliver vos convives. Du plaisir \u00e0 partager&#8230; ou pas !<\/p>\n<p><a class=\"btn\" href=\"https:\/\/fleursdecourgettes.fr\/wp-content\/uploads\/2019\/09\/Ris-de-veau-morilles-et-farcis-en-croute-de-sel.pdf\">D\u00e9guster&#8230;<\/a>\n<\/div>\n<\/section>\n<h2 class=\"text-center\">IMFUM : une nouvelle technologie d&rsquo;ar\u00f4mes, de saveurs et de cuisson<\/h2>\n<section class=\"flex-column\">\n<div>\n<h3>Sans limites de cr\u00e9ativit\u00e9<\/h3>\n<p>Le go\u00fbt de Fum\u00e9 est pr\u00e9sent dans beaucoup de pr\u00e9parations culinaires. IMFUM est une m\u00e9thode nouvelle permettant de donner cette saveur gustative. Un \u00e9change de saveur et d\u2019ar\u00f4me entre deux produits. Une Toile \u00ab\u00a0IMFUM\u00a0\u00bb et un aliment.<\/p>\n<p>Une facilit\u00e9 d\u2019emploi in\u00e9gal\u00e9e. Plus besoin de fumoir, plus de contrainte de temp\u00e9rature. \u00ab IMFUM \u00bb est sans additif et sans colorant. Un produit naturel, r\u00e9pondant aux normes les plus strictes et un espace de cr\u00e9ation culinaire sans limite.[<\/p>\n<p><a class=\"btn\" href=\"https:\/\/fleursdecourgettes.fr\/wp-content\/uploads\/2019\/09\/IMFUM-Process.pdf\">La m\u00e9thode&#8230;<\/a> <a class=\"btn\" href=\"https:\/\/fleursdecourgettes.fr\/wp-content\/uploads\/2019\/09\/Introduction-a\u0300-la-Cuisson-sous-Vide.pdf\">L&rsquo;initiation au sous-vide&#8230;<\/a> <a class=\"btn\" href=\"https:\/\/fleursdecourgettes.fr\/wp-content\/uploads\/2019\/09\/recettes-imfum.pdf\">Les recettes&#8230;<\/a>\n<\/div>\n<div>\n<img loading=\"lazy\" decoding=\"async\" src=\"https:\/\/fleursdecourgettes.fr\/wp-content\/uploads\/2019\/11\/3-methodes-cuissons-imfum.jpg\" alt=\"\" width=\"450\" height=\"250\" class=\"mt-1 size-full wp-image-102\" srcset=\"https:\/\/fleursdecourgettes.fr\/wp-content\/uploads\/2019\/11\/3-methodes-cuissons-imfum.jpg 450w, https:\/\/fleursdecourgettes.fr\/wp-content\/uploads\/2019\/11\/3-methodes-cuissons-imfum-300x167.jpg 300w\" sizes=\"(max-width: 450px) 100vw, 450px\" \/>\n<\/div>\n<\/section>\n","protected":false},"excerpt":{"rendered":"<p>Quelques recettes&#8230; Pour la sauvegarde de la cuisine ni\u00e7oise&#8230; Pissaladiera, Farcis, beignets, tians, raviolis,&#8230; D\u00e9couvrez ici quelques recettes traditionnelles de la cuisine ni\u00e7oise. D\u00e9couvrir&#8230; De quoi donner l\u2019app\u00e9tit&#8230; Ris de veau aux morilles, carr\u00e9 d&rsquo;agneau r\u00f4ti,&#8230; Encore plus d&rsquo;id\u00e9es de plats qui vont faire saliver vos convives. Du plaisir \u00e0 partager&#8230; ou pas ! D\u00e9guster&#8230; [&hellip;]<\/p>\n","protected":false},"author":1,"featured_media":0,"parent":0,"menu_order":0,"comment_status":"closed","ping_status":"closed","template":"","meta":{"ngg_post_thumbnail":0,"footnotes":""},"yoast_head":"<!-- This site is optimized with the Yoast SEO plugin v24.5 - https:\/\/yoast.com\/wordpress\/plugins\/seo\/ -->\n<title>Recettes et m\u00e9thodes -<\/title>\n<meta name=\"description\" content=\"Retrouvez ici toutes les recettes traditionnelles ni\u00e7oises du Chef Michel Jocaille, dont les fameux beignets de fleurs de courgettes ! Entre autres...\" \/>\n<meta name=\"robots\" content=\"index, follow, max-snippet:-1, max-image-preview:large, max-video-preview:-1\" \/>\n<link rel=\"canonical\" href=\"https:\/\/fleursdecourgettes.fr\/index.php\/recettes-et-methodes\/\" \/>\n<meta property=\"og:locale\" content=\"fr_FR\" \/>\n<meta property=\"og:type\" content=\"article\" \/>\n<meta property=\"og:title\" content=\"Recettes et m\u00e9thodes -\" \/>\n<meta property=\"og:description\" content=\"Retrouvez ici toutes les recettes traditionnelles ni\u00e7oises du Chef Michel Jocaille, dont les fameux beignets de fleurs de courgettes ! Entre autres...\" \/>\n<meta property=\"og:url\" content=\"https:\/\/fleursdecourgettes.fr\/index.php\/recettes-et-methodes\/\" \/>\n<meta property=\"article:modified_time\" content=\"2023-12-03T12:48:15+00:00\" \/>\n<meta property=\"og:image\" content=\"https:\/\/fleursdecourgettes.fr\/wp-content\/uploads\/2019\/11\/buffet-specialites-nicoises-porchetta.jpg\" \/>\n<meta name=\"twitter:card\" content=\"summary_large_image\" \/>\n<meta name=\"twitter:label1\" content=\"Dur\u00e9e de lecture estim\u00e9e\" \/>\n\t<meta name=\"twitter:data1\" content=\"2 minutes\" \/>\n<!-- \/ Yoast SEO plugin. -->","yoast_head_json":{"title":"Recettes et m\u00e9thodes -","description":"Retrouvez ici toutes les recettes traditionnelles ni\u00e7oises du Chef Michel Jocaille, dont les fameux beignets de fleurs de courgettes ! Entre autres...","robots":{"index":"index","follow":"follow","max-snippet":"max-snippet:-1","max-image-preview":"max-image-preview:large","max-video-preview":"max-video-preview:-1"},"canonical":"https:\/\/fleursdecourgettes.fr\/index.php\/recettes-et-methodes\/","og_locale":"fr_FR","og_type":"article","og_title":"Recettes et m\u00e9thodes -","og_description":"Retrouvez ici toutes les recettes traditionnelles ni\u00e7oises du Chef Michel Jocaille, dont les fameux beignets de fleurs de courgettes ! Entre autres...","og_url":"https:\/\/fleursdecourgettes.fr\/index.php\/recettes-et-methodes\/","article_modified_time":"2023-12-03T12:48:15+00:00","og_image":[{"url":"https:\/\/fleursdecourgettes.fr\/wp-content\/uploads\/2019\/11\/buffet-specialites-nicoises-porchetta.jpg","type":"","width":"","height":""}],"twitter_card":"summary_large_image","twitter_misc":{"Dur\u00e9e de lecture estim\u00e9e":"2 minutes"},"schema":{"@context":"https:\/\/schema.org","@graph":[{"@type":"WebPage","@id":"https:\/\/fleursdecourgettes.fr\/index.php\/recettes-et-methodes\/","url":"https:\/\/fleursdecourgettes.fr\/index.php\/recettes-et-methodes\/","name":"Recettes et m\u00e9thodes -","isPartOf":{"@id":"https:\/\/fleursdecourgettes.fr\/#website"},"primaryImageOfPage":{"@id":"https:\/\/fleursdecourgettes.fr\/index.php\/recettes-et-methodes\/#primaryimage"},"image":{"@id":"https:\/\/fleursdecourgettes.fr\/index.php\/recettes-et-methodes\/#primaryimage"},"thumbnailUrl":"https:\/\/fleursdecourgettes.fr\/wp-content\/uploads\/2019\/11\/buffet-specialites-nicoises-porchetta.jpg","datePublished":"2019-11-29T14:29:50+00:00","dateModified":"2023-12-03T12:48:15+00:00","description":"Retrouvez ici toutes les recettes traditionnelles ni\u00e7oises du Chef Michel Jocaille, dont les fameux beignets de fleurs de courgettes ! Entre autres...","breadcrumb":{"@id":"https:\/\/fleursdecourgettes.fr\/index.php\/recettes-et-methodes\/#breadcrumb"},"inLanguage":"fr-FR","potentialAction":[{"@type":"ReadAction","target":["https:\/\/fleursdecourgettes.fr\/index.php\/recettes-et-methodes\/"]}]},{"@type":"ImageObject","inLanguage":"fr-FR","@id":"https:\/\/fleursdecourgettes.fr\/index.php\/recettes-et-methodes\/#primaryimage","url":"https:\/\/fleursdecourgettes.fr\/wp-content\/uploads\/2019\/11\/buffet-specialites-nicoises-porchetta.jpg","contentUrl":"https:\/\/fleursdecourgettes.fr\/wp-content\/uploads\/2019\/11\/buffet-specialites-nicoises-porchetta.jpg","width":800,"height":532},{"@type":"BreadcrumbList","@id":"https:\/\/fleursdecourgettes.fr\/index.php\/recettes-et-methodes\/#breadcrumb","itemListElement":[{"@type":"ListItem","position":1,"name":"Accueil","item":"https:\/\/fleursdecourgettes.fr\/"},{"@type":"ListItem","position":2,"name":"Recettes et m\u00e9thodes"}]},{"@type":"WebSite","@id":"https:\/\/fleursdecourgettes.fr\/#website","url":"https:\/\/fleursdecourgettes.fr\/","name":"","description":"","potentialAction":[{"@type":"SearchAction","target":{"@type":"EntryPoint","urlTemplate":"https:\/\/fleursdecourgettes.fr\/?s={search_term_string}"},"query-input":{"@type":"PropertyValueSpecification","valueRequired":true,"valueName":"search_term_string"}}],"inLanguage":"fr-FR"}]}},"jetpack_sharing_enabled":true,"_links":{"self":[{"href":"https:\/\/fleursdecourgettes.fr\/index.php\/wp-json\/wp\/v2\/pages\/239"}],"collection":[{"href":"https:\/\/fleursdecourgettes.fr\/index.php\/wp-json\/wp\/v2\/pages"}],"about":[{"href":"https:\/\/fleursdecourgettes.fr\/index.php\/wp-json\/wp\/v2\/types\/page"}],"author":[{"embeddable":true,"href":"https:\/\/fleursdecourgettes.fr\/index.php\/wp-json\/wp\/v2\/users\/1"}],"replies":[{"embeddable":true,"href":"https:\/\/fleursdecourgettes.fr\/index.php\/wp-json\/wp\/v2\/comments?post=239"}],"version-history":[{"count":27,"href":"https:\/\/fleursdecourgettes.fr\/index.php\/wp-json\/wp\/v2\/pages\/239\/revisions"}],"predecessor-version":[{"id":1037,"href":"https:\/\/fleursdecourgettes.fr\/index.php\/wp-json\/wp\/v2\/pages\/239\/revisions\/1037"}],"wp:attachment":[{"href":"https:\/\/fleursdecourgettes.fr\/index.php\/wp-json\/wp\/v2\/media?parent=239"}],"curies":[{"name":"wp","href":"https:\/\/api.w.org\/{rel}","templated":true}]}}